{"id":674,"date":"2018-11-20T12:48:39","date_gmt":"2018-11-20T12:48:39","guid":{"rendered":"http:\/\/localhost\/dentmedi-theme\/?page_id=674"},"modified":"2022-10-26T15:19:54","modified_gmt":"2022-10-26T15:19:54","slug":"blogs","status":"publish","type":"page","link":"https:\/\/www.diamond-clinic.net\/en\/blogs\/","title":{"rendered":"Blogs"},"content":{"rendered":"\t\t<div data-elementor-type=\"wp-page\" data-elementor-id=\"674\" class=\"elementor elementor-674\">\n\t\t\t\t\t\t\t\t\t<section class=\"elementor-section elementor-top-section elementor-element elementor-element-2738739 elementor-section-stretched tm-column-break-ipad-no tm-col-stretched-none elementor-section-boxed elementor-section-height-default elementor-section-height-default\" data-id=\"2738739\" data-element_type=\"section\" data-settings=\"{&quot;stretch_section&quot;:&quot;section-stretched&quot;}\">\n\t\t\t\t\t\t<div class=\"elementor-container elementor-column-gap-no\">\n\t\t\t\t\t<div class=\"elementor-column elementor-col-100 elementor-top-column elementor-element elementor-element-5f95dd4\" data-id=\"5f95dd4\" data-element_type=\"column\">\n\t\t\t<div class=\"elementor-widget-wrap elementor-element-populated\">\n\t\t\t\t\t\t\t\t<div class=\"elementor-element elementor-element-26f200b tm-align-left elementor-widget elementor-widget-tm_blog_element\" data-id=\"26f200b\" data-element_type=\"widget\" data-widget_type=\"tm_blog_element.default\">\n\t\t\t\t<div class=\"elementor-widget-container\">\n\t\t\t<div class=\"themetechmount-boxes themetechmount-boxes-blog themetechmount-element-blogbox-top-image themetechmount-boxes-view-default themetechmount-boxes-col-three themetechmount-boxes-textalign-left themetechmount-boxes-spacing-30px\" data-tm-show=\"6\" data-tm-loop=\"1\" data-tm-autoplay=\"0\" data-tm-centermode=\"0\" data-tm-nav=\"\" data-tm-dots=\"\" data-tm-slidestoscroll=\"\" data-tm-autoplayspeed=\"4500\" data-tm-margin=\"30px\"><div class=\"themetechmount-boxes-inner\">\n\t\t\t<div class=\"themetechmount-box-heading-wrapper tm-boxwithout-heading\">\n\t\t\t\t<div class=\"tm-element-heading-content-wrapper left-align tm-reverse-heading-yes tm-seperator-solid  tm-heading-style-vertical \"><div class=\"tm-content-header\"><div class=\"heading-seperator\"><span><\/span><\/div><\/div><\/div>\t\t\t\t\t\t\t<\/div>\n\n\t\t\t<div class=\"themetechmount-boxes-row-wrapper row multi-columns-row\">\n\n\t\t\t<div class=\"tm-box-col-wrapper  health-care medical col-lg-4 col-sm-6 col-md-4 col-xs-12\"><article class=\"themetechmount-box themetechmount-box-blog themetechmount-box-topimage themetechmount-blogbox-format- \">\r\n\t<div class=\"post-item\">\r\n\t\t<div class=\"themetechmount-box-content\">\t\t\r\n\t\t\t<div class=\"tm-featured-outer-wrapper tm-post-featured-outer-wrapper\">\r\n\t\t\t\t<div class=\"tm_classic_post_icon\"><div class=\"tm-post-format-icon-wrapper\"><i class=\"tm-brivona-icon-pencil\"><\/i><\/div><\/div>\t\t\t\t<div class=\"tm-featured-wrapper tm-post-featured-wrapper tm-post-format-\"><a href=\"https:\/\/www.diamond-clinic.net\/en\/health-care\/%d8%aa%d8%b1%d9%83%d9%8a%d8%a7-%d8%aa%d8%ad%d8%aa%d9%84-%d8%a7%d9%84%d9%85%d8%b1%d9%83%d8%b2-%d8%a7%d9%84%d8%aa%d8%a7%d8%b3%d8%b9-%d8%b9%d8%a7%d9%84%d9%85%d9%8a%d8%a7-%d9%81%d9%8a-%d8%a7%d9%84%d8%b3\/\"><img loading=\"lazy\" decoding=\"async\" width=\"718\" height=\"474\" src=\"https:\/\/www.diamond-clinic.net\/en\/wp-content\/uploads\/2018\/11\/15-5.jpg\" class=\"attachment-themetechmount-img-blog-top size-themetechmount-img-blog-top wp-post-image\" alt=\"\" srcset=\"https:\/\/www.diamond-clinic.net\/en\/wp-content\/uploads\/2018\/11\/15-5.jpg 718w, https:\/\/www.diamond-clinic.net\/en\/wp-content\/uploads\/2018\/11\/15-5-300x198.jpg 300w\" sizes=\"auto, (max-width: 718px) 100vw, 718px\" data-id=\"7758\" \/><\/a><\/div>\t\t\t\t<div class=\"tm-box-post-date\">\r\n\t\t\t\t\t\t<div class=\"themetechmount-post-date-wrapper\"><div class=\"themetechmount-entry-date-wrapper\"><span class=\"themetechmount-entry-date\"><time class=\"entry-date\" datetime=\"2022-10-23T06:51:00+00:00\">23<span class=\"entry-month entry-year\">Oct<span class=\"entry-year\">2022<\/span><\/span><\/time><\/span><\/div><\/div>\t\t\t\t<\/div>\r\n\t\t\t<\/div>\t\t\r\n\t\t\t<div class=\"themetechmount-box-desc\">\r\n\t\t\t\t<div class=\"entry-header\">\r\n\t\t\t\t\t<div class=\"tm-entry-meta-wrapper\"><div class=\"entry-meta tm-entry-meta tm-entry-meta-blogbox\"><span class=\"tm-meta-line comments-link\"><i class=\"tm-brivona-icon-comment-3\"><\/i> <a href=\"https:\/\/www.diamond-clinic.net\/en\/health-care\/%d8%aa%d8%b1%d9%83%d9%8a%d8%a7-%d8%aa%d8%ad%d8%aa%d9%84-%d8%a7%d9%84%d9%85%d8%b1%d9%83%d8%b2-%d8%a7%d9%84%d8%aa%d8%a7%d8%b3%d8%b9-%d8%b9%d8%a7%d9%84%d9%85%d9%8a%d8%a7-%d9%81%d9%8a-%d8%a7%d9%84%d8%b3\/#respond\">0 comment<\/a><\/span><span class=\"tm-meta-line byline\"><i class=\"tm-brivona-icon-user-1\"><\/i> <span class=\"author vcard\"><span class=\"screen-reader-text tm-hide\">Author <\/span><a class=\"url fn n\" href=\"https:\/\/www.diamond-clinic.net\/en\/author\/admin\/\">admin<\/a><\/span><\/span><\/div><\/div>\t\t\t\t\t<div class=\"themetechmount-box-title\"><h4><a href=\"https:\/\/www.diamond-clinic.net\/en\/health-care\/%d8%aa%d8%b1%d9%83%d9%8a%d8%a7-%d8%aa%d8%ad%d8%aa%d9%84-%d8%a7%d9%84%d9%85%d8%b1%d9%83%d8%b2-%d8%a7%d9%84%d8%aa%d8%a7%d8%b3%d8%b9-%d8%b9%d8%a7%d9%84%d9%85%d9%8a%d8%a7-%d9%81%d9%8a-%d8%a7%d9%84%d8%b3\/\">Turkey ranks ninth in the world in medical tourism<\/a><\/h4><\/div>\t\t\t\t<\/div>\t\t\r\n\t\t\t\t<div class=\"themetechmount-box-desc-text\">Fatma Ozclik Habar, a member of the teaching staff at the Department of Tourist Guidance at the Faculty of Eco...<\/div>\r\n\t\t\t   <div class=\"themetechmount-box-desc-footer\">\r\n\t\t\t\t\t<div class=\"themetechmount-blogbox-desc-footer\">\r\n\t\t\t\t\t\t\t\t\t\t<\/div>\r\n\t\t\t\t<\/div>\t\t\r\n\t\t\t<\/div>\r\n        <\/div>\r\n\t<\/div>\r\n<\/article>\r\n<\/div><div class=\"tm-box-col-wrapper  ayurveda health-care col-lg-4 col-sm-6 col-md-4 col-xs-12\"><article class=\"themetechmount-box themetechmount-box-blog themetechmount-box-topimage themetechmount-blogbox-format- \">\r\n\t<div class=\"post-item\">\r\n\t\t<div class=\"themetechmount-box-content\">\t\t\r\n\t\t\t<div class=\"tm-featured-outer-wrapper tm-post-featured-outer-wrapper\">\r\n\t\t\t\t<div class=\"tm_classic_post_icon\"><div class=\"tm-post-format-icon-wrapper\"><i class=\"tm-brivona-icon-pencil\"><\/i><\/div><\/div>\t\t\t\t<div class=\"tm-featured-wrapper tm-post-featured-wrapper tm-post-format-\"><a href=\"https:\/\/www.diamond-clinic.net\/en\/ayurveda\/%d8%aa%d8%b1%d9%83%d9%8a%d8%a7-%d8%b5%d8%a7%d8%af%d8%b1%d8%a7%d8%aa-%d9%85%d8%b3%d8%aa%d8%ad%d8%b6%d8%b1%d8%a7%d8%aa-%d8%a7%d9%84%d8%aa%d8%ac%d9%85%d9%8a%d9%84-%d8%aa%d8%b5%d9%84-120-%d8%af%d9%88\/\"><img loading=\"lazy\" decoding=\"async\" width=\"720\" height=\"486\" src=\"https:\/\/www.diamond-clinic.net\/en\/wp-content\/uploads\/2018\/11\/thumbs_b_c_4510c9a527898bf42b7804d9585d7d29-720x486.jpg\" class=\"attachment-themetechmount-img-blog-top size-themetechmount-img-blog-top wp-post-image\" alt=\"\" data-id=\"7760\" \/><\/a><\/div>\t\t\t\t<div class=\"tm-box-post-date\">\r\n\t\t\t\t\t\t<div class=\"themetechmount-post-date-wrapper\"><div class=\"themetechmount-entry-date-wrapper\"><span class=\"themetechmount-entry-date\"><time class=\"entry-date\" datetime=\"2022-10-22T06:49:00+00:00\">22<span class=\"entry-month entry-year\">Oct<span class=\"entry-year\">2022<\/span><\/span><\/time><\/span><\/div><\/div>\t\t\t\t<\/div>\r\n\t\t\t<\/div>\t\t\r\n\t\t\t<div class=\"themetechmount-box-desc\">\r\n\t\t\t\t<div class=\"entry-header\">\r\n\t\t\t\t\t<div class=\"tm-entry-meta-wrapper\"><div class=\"entry-meta tm-entry-meta tm-entry-meta-blogbox\"><span class=\"tm-meta-line comments-link\"><i class=\"tm-brivona-icon-comment-3\"><\/i> <a href=\"https:\/\/www.diamond-clinic.net\/en\/ayurveda\/%d8%aa%d8%b1%d9%83%d9%8a%d8%a7-%d8%b5%d8%a7%d8%af%d8%b1%d8%a7%d8%aa-%d9%85%d8%b3%d8%aa%d8%ad%d8%b6%d8%b1%d8%a7%d8%aa-%d8%a7%d9%84%d8%aa%d8%ac%d9%85%d9%8a%d9%84-%d8%aa%d8%b5%d9%84-120-%d8%af%d9%88\/#respond\">0 comment<\/a><\/span><span class=\"tm-meta-line byline\"><i class=\"tm-brivona-icon-user-1\"><\/i> <span class=\"author vcard\"><span class=\"screen-reader-text tm-hide\">Author <\/span><a class=\"url fn n\" href=\"https:\/\/www.diamond-clinic.net\/en\/author\/admin\/\">admin<\/a><\/span><\/span><\/div><\/div>\t\t\t\t\t<div class=\"themetechmount-box-title\"><h4><a href=\"https:\/\/www.diamond-clinic.net\/en\/ayurveda\/%d8%aa%d8%b1%d9%83%d9%8a%d8%a7-%d8%b5%d8%a7%d8%af%d8%b1%d8%a7%d8%aa-%d9%85%d8%b3%d8%aa%d8%ad%d8%b6%d8%b1%d8%a7%d8%aa-%d8%a7%d9%84%d8%aa%d8%ac%d9%85%d9%8a%d9%84-%d8%aa%d8%b5%d9%84-120-%d8%af%d9%88\/\">Turkey .. cosmetics exports reach 120 countries<\/a><\/h4><\/div>\t\t\t\t<\/div>\t\t\r\n\t\t\t\t<div class=\"themetechmount-box-desc-text\">Turkey continues to export cosmetics to various countries of the world, from which the number of importers of...<\/div>\r\n\t\t\t   <div class=\"themetechmount-box-desc-footer\">\r\n\t\t\t\t\t<div class=\"themetechmount-blogbox-desc-footer\">\r\n\t\t\t\t\t\t\t\t\t\t<\/div>\r\n\t\t\t\t<\/div>\t\t\r\n\t\t\t<\/div>\r\n        <\/div>\r\n\t<\/div>\r\n<\/article>\r\n<\/div><div class=\"tm-box-col-wrapper  cardiac medical col-lg-4 col-sm-6 col-md-4 col-xs-12\"><article class=\"themetechmount-box themetechmount-box-blog themetechmount-box-topimage themetechmount-blogbox-format- \">\r\n\t<div class=\"post-item\">\r\n\t\t<div class=\"themetechmount-box-content\">\t\t\r\n\t\t\t<div class=\"tm-featured-outer-wrapper tm-post-featured-outer-wrapper\">\r\n\t\t\t\t<div class=\"tm_classic_post_icon\"><div class=\"tm-post-format-icon-wrapper\"><i class=\"tm-brivona-icon-pencil\"><\/i><\/div><\/div>\t\t\t\t<div class=\"tm-featured-wrapper tm-post-featured-wrapper tm-post-format-\"><a href=\"https:\/\/www.diamond-clinic.net\/en\/cardiac\/%d8%a7%d9%84%d8%b3%d9%8a%d8%a7%d8%ad%d8%a9-%d8%a7%d9%84%d8%b9%d9%84%d8%a7%d8%ac%d9%8a%d8%a9\/\"><img loading=\"lazy\" decoding=\"async\" width=\"720\" height=\"544\" src=\"https:\/\/www.diamond-clinic.net\/en\/wp-content\/uploads\/2018\/11\/\u0627\u0644\u0633\u064a\u0627\u062d\u0629-\u0627\u0644\u0639\u0644\u0627\u062c\u064a\u0629-\u0641\u064a-\u062a\u0631\u0643\u064a\u0627-720x544.webp\" class=\"attachment-themetechmount-img-blog-top size-themetechmount-img-blog-top wp-post-image\" alt=\"\" data-id=\"7756\" \/><\/a><\/div>\t\t\t\t<div class=\"tm-box-post-date\">\r\n\t\t\t\t\t\t<div class=\"themetechmount-post-date-wrapper\"><div class=\"themetechmount-entry-date-wrapper\"><span class=\"themetechmount-entry-date\"><time class=\"entry-date\" datetime=\"2022-10-20T06:53:00+00:00\">20<span class=\"entry-month entry-year\">Oct<span class=\"entry-year\">2022<\/span><\/span><\/time><\/span><\/div><\/div>\t\t\t\t<\/div>\r\n\t\t\t<\/div>\t\t\r\n\t\t\t<div class=\"themetechmount-box-desc\">\r\n\t\t\t\t<div class=\"entry-header\">\r\n\t\t\t\t\t<div class=\"tm-entry-meta-wrapper\"><div class=\"entry-meta tm-entry-meta tm-entry-meta-blogbox\"><span class=\"tm-meta-line comments-link\"><i class=\"tm-brivona-icon-comment-3\"><\/i> <a href=\"https:\/\/www.diamond-clinic.net\/en\/cardiac\/%d8%a7%d9%84%d8%b3%d9%8a%d8%a7%d8%ad%d8%a9-%d8%a7%d9%84%d8%b9%d9%84%d8%a7%d8%ac%d9%8a%d8%a9\/#respond\">0 comment<\/a><\/span><span class=\"tm-meta-line byline\"><i class=\"tm-brivona-icon-user-1\"><\/i> <span class=\"author vcard\"><span class=\"screen-reader-text tm-hide\">Author <\/span><a class=\"url fn n\" href=\"https:\/\/www.diamond-clinic.net\/en\/author\/admin\/\">admin<\/a><\/span><\/span><\/div><\/div>\t\t\t\t\t<div class=\"themetechmount-box-title\"><h4><a href=\"https:\/\/www.diamond-clinic.net\/en\/cardiac\/%d8%a7%d9%84%d8%b3%d9%8a%d8%a7%d8%ad%d8%a9-%d8%a7%d9%84%d8%b9%d9%84%d8%a7%d8%ac%d9%8a%d8%a9\/\">Turkey..a major boom in the field of &#8220;medical tourism&#8221;<\/a><\/h4><\/div>\t\t\t\t<\/div>\t\t\r\n\t\t\t\t<div class=\"themetechmount-box-desc-text\">The General Director of the International Health Services Company, Mehmet Ali K\u0131l\u0131\u00e7kaya, said that Turkey i...<\/div>\r\n\t\t\t   <div class=\"themetechmount-box-desc-footer\">\r\n\t\t\t\t\t<div class=\"themetechmount-blogbox-desc-footer\">\r\n\t\t\t\t\t\t\t\t\t\t<\/div>\r\n\t\t\t\t<\/div>\t\t\r\n\t\t\t<\/div>\r\n        <\/div>\r\n\t<\/div>\r\n<\/article>\r\n<\/div>\n\t\t\t<\/div>\n\n\t\t\t<\/div><!-- .themetechmount-boxes-inner -->   <\/div><!-- .themetechmount-boxes -->  \t\t<\/div>\n\t\t\t\t<\/div>\n\t\t\t\t\t<\/div>\n\t\t<\/div>\n\t\t\t\t\t\t\t<\/div>\n\t\t<\/section>\n\t\t\t\t\t\t\t<\/div>\n\t\t","protected":false},"excerpt":{"rendered":"<p>26Nov2018 3 Comments on Adding Milk to Tea Destroys its Antixidants Author John Doe Adding Milk to Tea Destroys its Antixidants Lorem Ipsum is simply dummy text of the printing and typesetting industry. Lorem Ipsum has been the industry&#8217;s&#8230; READ MORE 23Nov2018 3 Comments on Good Reasons to Break the Fast-Food Habit Author John Doe &hellip; <a href=\"https:\/\/www.diamond-clinic.net\/en\/cardiac\/%d8%a7%d9%84%d8%b3%d9%8a%d8%a7%d8%ad%d8%a9-%d8%a7%d9%84%d8%b9%d9%84%d8%a7%d8%ac%d9%8a%d8%a9\/\" class=\"more-link\">Continue reading <span class=\"screen-reader-text\">Turkey..a major boom in the field of &#8220;medical tourism&#8221;<\/span><\/a><\/p>\n","protected":false},"author":1,"featured_media":0,"parent":0,"menu_order":0,"comment_status":"closed","ping_status":"closed","template":"","meta":{"_joinchat":[],"footnotes":""},"class_list":["post-674","page","type-page","status-publish","hentry"],"yoast_head":"<!-- This site is optimized with the Yoast SEO plugin v24.1 - https:\/\/yoast.com\/wordpress\/plugins\/seo\/ -->\n<title>Blogs - Diamond Medical<\/title>\n<meta name=\"robots\" content=\"index, follow, max-snippet:-1, max-image-preview:large, max-video-preview:-1\" \/>\n<link rel=\"canonical\" href=\"https:\/\/www.diamond-clinic.net\/en\/blogs\/\" \/>\n<meta property=\"og:locale\" content=\"en_US\" \/>\n<meta property=\"og:type\" content=\"article\" \/>\n<meta property=\"og:title\" content=\"Blogs - Diamond Medical\" \/>\n<meta property=\"og:description\" content=\"26Nov2018 3 Comments on Adding Milk to Tea Destroys its Antixidants Author John Doe Adding Milk to Tea Destroys its Antixidants Lorem Ipsum is simply dummy text of the printing and typesetting industry. Lorem Ipsum has been the industry&#8217;s&#8230; READ MORE 23Nov2018 3 Comments on Good Reasons to Break the Fast-Food Habit Author John Doe &hellip; Continue reading Turkey..a major boom in the field of &#8220;medical tourism&#8221;\" \/>\n<meta property=\"og:url\" content=\"https:\/\/www.diamond-clinic.net\/en\/blogs\/\" \/>\n<meta property=\"og:site_name\" content=\"Diamond Medical\" \/>\n<meta property=\"article:publisher\" content=\"https:\/\/www.facebook.com\/diamondmedicalturkey\" \/>\n<meta property=\"article:modified_time\" content=\"2022-10-26T15:19:54+00:00\" \/>\n<meta property=\"og:image\" content=\"https:\/\/www.themetechmount.com\/wordpress\/brivona\/elementor-data\/wp-content\/uploads\/sites\/6\/2019\/01\/single-imh-eight-720x544.jpg\" \/>\n<meta name=\"twitter:card\" content=\"summary_large_image\" \/>\n<meta name=\"twitter:label1\" content=\"Est. reading time\" \/>\n\t<meta name=\"twitter:data1\" content=\"1 minute\" \/>\n<script type=\"application\/ld+json\" class=\"yoast-schema-graph\">{\"@context\":\"https:\/\/schema.org\",\"@graph\":[{\"@type\":\"WebPage\",\"@id\":\"https:\/\/www.diamond-clinic.net\/en\/blogs\/\",\"url\":\"https:\/\/www.diamond-clinic.net\/en\/blogs\/\",\"name\":\"Blogs - Diamond Medical\",\"isPartOf\":{\"@id\":\"https:\/\/www.diamond-clinic.net\/en\/#website\"},\"primaryImageOfPage\":{\"@id\":\"https:\/\/www.diamond-clinic.net\/en\/blogs\/#primaryimage\"},\"image\":{\"@id\":\"https:\/\/www.diamond-clinic.net\/en\/blogs\/#primaryimage\"},\"thumbnailUrl\":\"https:\/\/www.themetechmount.com\/wordpress\/brivona\/elementor-data\/wp-content\/uploads\/sites\/6\/2019\/01\/single-imh-eight-720x544.jpg\",\"datePublished\":\"2018-11-20T12:48:39+00:00\",\"dateModified\":\"2022-10-26T15:19:54+00:00\",\"breadcrumb\":{\"@id\":\"https:\/\/www.diamond-clinic.net\/en\/blogs\/#breadcrumb\"},\"inLanguage\":\"en\",\"potentialAction\":[{\"@type\":\"ReadAction\",\"target\":[\"https:\/\/www.diamond-clinic.net\/en\/blogs\/\"]}]},{\"@type\":\"ImageObject\",\"inLanguage\":\"en\",\"@id\":\"https:\/\/www.diamond-clinic.net\/en\/blogs\/#primaryimage\",\"url\":\"https:\/\/www.themetechmount.com\/wordpress\/brivona\/elementor-data\/wp-content\/uploads\/sites\/6\/2019\/01\/single-imh-eight-720x544.jpg\",\"contentUrl\":\"https:\/\/www.themetechmount.com\/wordpress\/brivona\/elementor-data\/wp-content\/uploads\/sites\/6\/2019\/01\/single-imh-eight-720x544.jpg\"},{\"@type\":\"BreadcrumbList\",\"@id\":\"https:\/\/www.diamond-clinic.net\/en\/blogs\/#breadcrumb\",\"itemListElement\":[{\"@type\":\"ListItem\",\"position\":1,\"name\":\"Home\",\"item\":\"https:\/\/www.diamond-clinic.net\/en\/\"},{\"@type\":\"ListItem\",\"position\":2,\"name\":\"Blogs\"}]},{\"@type\":\"WebSite\",\"@id\":\"https:\/\/www.diamond-clinic.net\/en\/#website\",\"url\":\"https:\/\/www.diamond-clinic.net\/en\/\",\"name\":\"Diamond Medical\",\"description\":\"Diamond Medical Tourism &amp; Health Care\",\"publisher\":{\"@id\":\"https:\/\/www.diamond-clinic.net\/en\/#organization\"},\"potentialAction\":[{\"@type\":\"SearchAction\",\"target\":{\"@type\":\"EntryPoint\",\"urlTemplate\":\"https:\/\/www.diamond-clinic.net\/en\/?s={search_term_string}\"},\"query-input\":{\"@type\":\"PropertyValueSpecification\",\"valueRequired\":true,\"valueName\":\"search_term_string\"}}],\"inLanguage\":\"en\"},{\"@type\":\"Organization\",\"@id\":\"https:\/\/www.diamond-clinic.net\/en\/#organization\",\"name\":\"Diamond Medical\",\"url\":\"https:\/\/www.diamond-clinic.net\/en\/\",\"logo\":{\"@type\":\"ImageObject\",\"inLanguage\":\"en\",\"@id\":\"https:\/\/www.diamond-clinic.net\/en\/#\/schema\/logo\/image\/\",\"url\":\"http:\/\/www.diamond-clinic.net\/en\/wp-content\/uploads\/2023\/01\/diamond-medical.png\",\"contentUrl\":\"http:\/\/www.diamond-clinic.net\/en\/wp-content\/uploads\/2023\/01\/diamond-medical.png\",\"width\":2000,\"height\":580,\"caption\":\"Diamond Medical\"},\"image\":{\"@id\":\"https:\/\/www.diamond-clinic.net\/en\/#\/schema\/logo\/image\/\"},\"sameAs\":[\"https:\/\/www.facebook.com\/diamondmedicalturkey\",\"https:\/\/www.instagram.com\/diamondmedicalturkey\/\"]}]}<\/script>\n<!-- \/ Yoast SEO plugin. -->","yoast_head_json":{"title":"Blogs - Diamond Medical","robots":{"index":"index","follow":"follow","max-snippet":"max-snippet:-1","max-image-preview":"max-image-preview:large","max-video-preview":"max-video-preview:-1"},"canonical":"https:\/\/www.diamond-clinic.net\/en\/blogs\/","og_locale":"en_US","og_type":"article","og_title":"Blogs - Diamond Medical","og_description":"26Nov2018 3 Comments on Adding Milk to Tea Destroys its Antixidants Author John Doe Adding Milk to Tea Destroys its Antixidants Lorem Ipsum is simply dummy text of the printing and typesetting industry. Lorem Ipsum has been the industry&#8217;s&#8230; READ MORE 23Nov2018 3 Comments on Good Reasons to Break the Fast-Food Habit Author John Doe &hellip; Continue reading Turkey..a major boom in the field of &#8220;medical tourism&#8221;","og_url":"https:\/\/www.diamond-clinic.net\/en\/blogs\/","og_site_name":"Diamond Medical","article_publisher":"https:\/\/www.facebook.com\/diamondmedicalturkey","article_modified_time":"2022-10-26T15:19:54+00:00","og_image":[{"url":"https:\/\/www.themetechmount.com\/wordpress\/brivona\/elementor-data\/wp-content\/uploads\/sites\/6\/2019\/01\/single-imh-eight-720x544.jpg","type":"","width":"","height":""}],"twitter_card":"summary_large_image","twitter_misc":{"Est. reading time":"1 minute"},"schema":{"@context":"https:\/\/schema.org","@graph":[{"@type":"WebPage","@id":"https:\/\/www.diamond-clinic.net\/en\/blogs\/","url":"https:\/\/www.diamond-clinic.net\/en\/blogs\/","name":"Blogs - Diamond Medical","isPartOf":{"@id":"https:\/\/www.diamond-clinic.net\/en\/#website"},"primaryImageOfPage":{"@id":"https:\/\/www.diamond-clinic.net\/en\/blogs\/#primaryimage"},"image":{"@id":"https:\/\/www.diamond-clinic.net\/en\/blogs\/#primaryimage"},"thumbnailUrl":"https:\/\/www.themetechmount.com\/wordpress\/brivona\/elementor-data\/wp-content\/uploads\/sites\/6\/2019\/01\/single-imh-eight-720x544.jpg","datePublished":"2018-11-20T12:48:39+00:00","dateModified":"2022-10-26T15:19:54+00:00","breadcrumb":{"@id":"https:\/\/www.diamond-clinic.net\/en\/blogs\/#breadcrumb"},"inLanguage":"en","potentialAction":[{"@type":"ReadAction","target":["https:\/\/www.diamond-clinic.net\/en\/blogs\/"]}]},{"@type":"ImageObject","inLanguage":"en","@id":"https:\/\/www.diamond-clinic.net\/en\/blogs\/#primaryimage","url":"https:\/\/www.themetechmount.com\/wordpress\/brivona\/elementor-data\/wp-content\/uploads\/sites\/6\/2019\/01\/single-imh-eight-720x544.jpg","contentUrl":"https:\/\/www.themetechmount.com\/wordpress\/brivona\/elementor-data\/wp-content\/uploads\/sites\/6\/2019\/01\/single-imh-eight-720x544.jpg"},{"@type":"BreadcrumbList","@id":"https:\/\/www.diamond-clinic.net\/en\/blogs\/#breadcrumb","itemListElement":[{"@type":"ListItem","position":1,"name":"Home","item":"https:\/\/www.diamond-clinic.net\/en\/"},{"@type":"ListItem","position":2,"name":"Blogs"}]},{"@type":"WebSite","@id":"https:\/\/www.diamond-clinic.net\/en\/#website","url":"https:\/\/www.diamond-clinic.net\/en\/","name":"Diamond Medical","description":"Diamond Medical Tourism &amp; Health Care","publisher":{"@id":"https:\/\/www.diamond-clinic.net\/en\/#organization"},"potentialAction":[{"@type":"SearchAction","target":{"@type":"EntryPoint","urlTemplate":"https:\/\/www.diamond-clinic.net\/en\/?s={search_term_string}"},"query-input":{"@type":"PropertyValueSpecification","valueRequired":true,"valueName":"search_term_string"}}],"inLanguage":"en"},{"@type":"Organization","@id":"https:\/\/www.diamond-clinic.net\/en\/#organization","name":"Diamond Medical","url":"https:\/\/www.diamond-clinic.net\/en\/","logo":{"@type":"ImageObject","inLanguage":"en","@id":"https:\/\/www.diamond-clinic.net\/en\/#\/schema\/logo\/image\/","url":"http:\/\/www.diamond-clinic.net\/en\/wp-content\/uploads\/2023\/01\/diamond-medical.png","contentUrl":"http:\/\/www.diamond-clinic.net\/en\/wp-content\/uploads\/2023\/01\/diamond-medical.png","width":2000,"height":580,"caption":"Diamond Medical"},"image":{"@id":"https:\/\/www.diamond-clinic.net\/en\/#\/schema\/logo\/image\/"},"sameAs":["https:\/\/www.facebook.com\/diamondmedicalturkey","https:\/\/www.instagram.com\/diamondmedicalturkey\/"]}]}},"_links":{"self":[{"href":"https:\/\/www.diamond-clinic.net\/en\/wp-json\/wp\/v2\/pages\/674","targetHints":{"allow":["GET"]}}],"collection":[{"href":"https:\/\/www.diamond-clinic.net\/en\/wp-json\/wp\/v2\/pages"}],"about":[{"href":"https:\/\/www.diamond-clinic.net\/en\/wp-json\/wp\/v2\/types\/page"}],"author":[{"embeddable":true,"href":"https:\/\/www.diamond-clinic.net\/en\/wp-json\/wp\/v2\/users\/1"}],"replies":[{"embeddable":true,"href":"https:\/\/www.diamond-clinic.net\/en\/wp-json\/wp\/v2\/comments?post=674"}],"version-history":[{"count":2,"href":"https:\/\/www.diamond-clinic.net\/en\/wp-json\/wp\/v2\/pages\/674\/revisions"}],"predecessor-version":[{"id":7788,"href":"https:\/\/www.diamond-clinic.net\/en\/wp-json\/wp\/v2\/pages\/674\/revisions\/7788"}],"wp:attachment":[{"href":"https:\/\/www.diamond-clinic.net\/en\/wp-json\/wp\/v2\/media?parent=674"}],"curies":[{"name":"wp","href":"https:\/\/api.w.org\/{rel}","templated":true}]}}